{"id":269,"date":"2023-02-20T15:54:25","date_gmt":"2023-02-20T14:54:25","guid":{"rendered":"http:\/\/asgolfse.fr\/?page_id=269"},"modified":"2025-11-16T14:06:48","modified_gmt":"2025-11-16T13:06:48","slug":"resultats-anterieurs","status":"publish","type":"page","link":"https:\/\/asgolfse.fr\/index.php\/resultats-anterieurs\/","title":{"rendered":"R\u00e9sultats finaux de chaque saison"},"content":{"rendered":"\n<p><a href=\"https:\/\/asgolfse.fr\/wp-content\/uploads\/2025\/11\/ASGse-12-resultats-Rencontre-Riviera-Barbossi.pdf\"><strong>R\u00e9sultats 2025<\/strong> <\/a> &nbsp;&nbsp;&nbsp;&nbsp;&nbsp;&nbsp;&nbsp;&nbsp;&nbsp;<a href=\"https:\/\/asgolfse.fr\/wp-content\/uploads\/2025\/11\/ASGse-2025-Recapitulatif-Global-par-club.pdf\">D\u00e9tail des r\u00e9sultats 2025<\/a><\/p>\n\n\n\n<p><a href=\"https:\/\/asgolfse.fr\/wp-content\/uploads\/2024\/11\/ASGse-11-resultats-Rencontre-Gde-Bastide.pdf\"><strong>R\u00e9sultats 2024<\/strong><\/a><\/p>\n\n\n\n<p><a href=\"https:\/\/asgolfse.fr\/wp-content\/uploads\/2023\/10\/ASGse-11-resultats-Rencontre-Gde-Bastide.pdf\"><strong>R\u00e9sultats 2023<\/strong><\/a>&nbsp;&nbsp;&nbsp;&nbsp;&nbsp;&nbsp;&nbsp;&nbsp;&nbsp;&nbsp;<a href=\"https:\/\/asgolfse.fr\/wp-content\/uploads\/2023\/10\/ASGse-2023-Recapitulatif-Global-pour-le-trophee.pdf\">D\u00e9tail des r\u00e9sultats 2023<\/a>&nbsp;&nbsp;&nbsp;&nbsp;&nbsp;&nbsp;&nbsp;&nbsp;<a href=\"https:\/\/asgolfse.fr\/wp-content\/uploads\/2023\/10\/5-Heureux-scaled.jpg\">Equipe gagnante 2023: Saint Endr\u00e9ol <\/a><\/p>\n\n\n\n<p><strong><a href=\"https:\/\/asgolfse.fr\/wp-content\/uploads\/2023\/02\/ASGse-2022-Resultats-Global-par-club.pdf\" target=\"_blank\" rel=\"noreferrer noopener\">R\u00e9sultats 2022<\/a><\/strong><\/p>\n\n\n\n<p class=\"has-text-align-left\"><strong><a href=\"https:\/\/asgolfse.fr\/wp-content\/uploads\/2023\/02\/ASGse-2021-Recapitulatif-Global-par-club.pdf\" target=\"_blank\" rel=\"noreferrer noopener\">R\u00e9sultats 2021<\/a><\/strong><\/p>\n\n\n\n<p><strong>R\u00e9sultats 2020 &#8211; ANNULE COVID<\/strong><\/p>\n\n\n\n<p><strong><a href=\"https:\/\/asgolfse.fr\/wp-content\/uploads\/2023\/02\/ASGse-2019-Global-.pdf\" target=\"_blank\" rel=\"noreferrer noopener\">R\u00e9sultats 2019<\/a><\/strong><\/p>\n\n\n\n<p><strong><a href=\"https:\/\/asgolfse.fr\/wp-content\/uploads\/2023\/02\/ASGse-2018-Global-page-2-.pdf\" target=\"_blank\" rel=\"noreferrer noopener\">R\u00e9sultats 2018<\/a><\/strong><\/p>\n\n\n\n<p><strong><a href=\"https:\/\/asgolfse.fr\/wp-content\/uploads\/2023\/02\/ASGse-Global-2017-2-1.pdf\" target=\"_blank\" rel=\"noreferrer noopener\">R\u00e9sultats 2017<\/a><\/strong><\/p>\n\n\n\n<p><strong><a href=\"https:\/\/asgolfse.fr\/wp-content\/uploads\/2025\/11\/ASGse-2016-Recapitulatif-par-Club.pdf\">R\u00e9sultats 2016<\/a><\/strong><\/p>\n","protected":false},"excerpt":{"rendered":"<p>R\u00e9sultats 2025 &nbsp;&nbsp;&nbsp;&nbsp;&nbsp;&nbsp;&nbsp;&nbsp;&nbsp;D\u00e9tail des r\u00e9sultats 2025 R\u00e9sultats 2024 R\u00e9sultats 2023&nbsp;&nbsp;&nbsp;&nbsp;&nbsp;&nbsp;&nbsp;&nbsp;&nbsp;&nbsp;D\u00e9tail des r\u00e9sultats 2023&nbsp;&nbsp;&nbsp;&nbsp;&nbsp;&nbsp;&nbsp;&nbsp;Equipe gagnante 2023: Saint Endr\u00e9ol R\u00e9sultats 2022 R\u00e9sultats 2021 R\u00e9sultats 2020 &#8211; ANNULE COVID R\u00e9sultats 2019 R\u00e9sultats 2018 R\u00e9sultats 2017 R\u00e9sultats 2016<\/p>\n","protected":false},"author":2,"featured_media":0,"parent":0,"menu_order":0,"comment_status":"closed","ping_status":"closed","template":"","meta":{"footnotes":""},"class_list":["post-269","page","type-page","status-publish","hentry"],"yoast_head":"<!-- This site is optimized with the Yoast SEO plugin v26.4 - https:\/\/yoast.com\/wordpress\/plugins\/seo\/ -->\n<title>R\u00e9sultats finaux de chaque saison - Amicale des Seniors Golfeurs du Sud-Est<\/title>\n<meta name=\"robots\" content=\"index, follow, max-snippet:-1, max-image-preview:large, max-video-preview:-1\" \/>\n<link rel=\"canonical\" href=\"https:\/\/asgolfse.fr\/index.php\/resultats-anterieurs\/\" \/>\n<meta property=\"og:locale\" content=\"fr_FR\" \/>\n<meta property=\"og:type\" content=\"article\" \/>\n<meta property=\"og:title\" content=\"R\u00e9sultats finaux de chaque saison - Amicale des Seniors Golfeurs du Sud-Est\" \/>\n<meta property=\"og:description\" content=\"R\u00e9sultats 2025 &nbsp;&nbsp;&nbsp;&nbsp;&nbsp;&nbsp;&nbsp;&nbsp;&nbsp;D\u00e9tail des r\u00e9sultats 2025 R\u00e9sultats 2024 R\u00e9sultats 2023&nbsp;&nbsp;&nbsp;&nbsp;&nbsp;&nbsp;&nbsp;&nbsp;&nbsp;&nbsp;D\u00e9tail des r\u00e9sultats 2023&nbsp;&nbsp;&nbsp;&nbsp;&nbsp;&nbsp;&nbsp;&nbsp;Equipe gagnante 2023: Saint Endr\u00e9ol R\u00e9sultats 2022 R\u00e9sultats 2021 R\u00e9sultats 2020 &#8211; ANNULE COVID R\u00e9sultats 2019 R\u00e9sultats 2018 R\u00e9sultats 2017 R\u00e9sultats 2016\" \/>\n<meta property=\"og:url\" content=\"https:\/\/asgolfse.fr\/index.php\/resultats-anterieurs\/\" \/>\n<meta property=\"og:site_name\" content=\"Amicale des Seniors Golfeurs du Sud-Est\" \/>\n<meta property=\"article:modified_time\" content=\"2025-11-16T13:06:48+00:00\" \/>\n<meta name=\"twitter:card\" content=\"summary_large_image\" \/>\n<meta name=\"twitter:label1\" content=\"Dur\u00e9e de lecture estim\u00e9e\" \/>\n\t<meta name=\"twitter:data1\" content=\"1 minute\" \/>\n<script type=\"application\/ld+json\" class=\"yoast-schema-graph\">{\"@context\":\"https:\/\/schema.org\",\"@graph\":[{\"@type\":\"WebPage\",\"@id\":\"https:\/\/asgolfse.fr\/index.php\/resultats-anterieurs\/\",\"url\":\"https:\/\/asgolfse.fr\/index.php\/resultats-anterieurs\/\",\"name\":\"R\u00e9sultats finaux de chaque saison - Amicale des Seniors Golfeurs du Sud-Est\",\"isPartOf\":{\"@id\":\"https:\/\/asgolfse.fr\/#website\"},\"datePublished\":\"2023-02-20T14:54:25+00:00\",\"dateModified\":\"2025-11-16T13:06:48+00:00\",\"breadcrumb\":{\"@id\":\"https:\/\/asgolfse.fr\/index.php\/resultats-anterieurs\/#breadcrumb\"},\"inLanguage\":\"fr-FR\",\"potentialAction\":[{\"@type\":\"ReadAction\",\"target\":[\"https:\/\/asgolfse.fr\/index.php\/resultats-anterieurs\/\"]}]},{\"@type\":\"BreadcrumbList\",\"@id\":\"https:\/\/asgolfse.fr\/index.php\/resultats-anterieurs\/#breadcrumb\",\"itemListElement\":[{\"@type\":\"ListItem\",\"position\":1,\"name\":\"Accueil\",\"item\":\"https:\/\/asgolfse.fr\/\"},{\"@type\":\"ListItem\",\"position\":2,\"name\":\"R\u00e9sultats finaux de chaque saison\"}]},{\"@type\":\"WebSite\",\"@id\":\"https:\/\/asgolfse.fr\/#website\",\"url\":\"https:\/\/asgolfse.fr\/\",\"name\":\"Amicale des Seniors Golfeurs du Sud-Est\",\"description\":\"Site d&#039;information et \u00e9changes de l&#039;ASGSE\",\"publisher\":{\"@id\":\"https:\/\/asgolfse.fr\/#organization\"},\"potentialAction\":[{\"@type\":\"SearchAction\",\"target\":{\"@type\":\"EntryPoint\",\"urlTemplate\":\"https:\/\/asgolfse.fr\/?s={search_term_string}\"},\"query-input\":{\"@type\":\"PropertyValueSpecification\",\"valueRequired\":true,\"valueName\":\"search_term_string\"}}],\"inLanguage\":\"fr-FR\"},{\"@type\":\"Organization\",\"@id\":\"https:\/\/asgolfse.fr\/#organization\",\"name\":\"Amicale des Seniors Golfeurs du Sud-Est\",\"url\":\"https:\/\/asgolfse.fr\/\",\"logo\":{\"@type\":\"ImageObject\",\"inLanguage\":\"fr-FR\",\"@id\":\"https:\/\/asgolfse.fr\/#\/schema\/logo\/image\/\",\"url\":\"https:\/\/asgolfse.fr\/wp-content\/uploads\/2026\/04\/cropped-trophee-barneau-pins-bleu-2-alpha.png\",\"contentUrl\":\"https:\/\/asgolfse.fr\/wp-content\/uploads\/2026\/04\/cropped-trophee-barneau-pins-bleu-2-alpha.png\",\"width\":926,\"height\":918,\"caption\":\"Amicale des Seniors Golfeurs du Sud-Est\"},\"image\":{\"@id\":\"https:\/\/asgolfse.fr\/#\/schema\/logo\/image\/\"}}]}<\/script>\n<!-- \/ Yoast SEO plugin. -->","yoast_head_json":{"title":"R\u00e9sultats finaux de chaque saison - Amicale des Seniors Golfeurs du Sud-Est","robots":{"index":"index","follow":"follow","max-snippet":"max-snippet:-1","max-image-preview":"max-image-preview:large","max-video-preview":"max-video-preview:-1"},"canonical":"https:\/\/asgolfse.fr\/index.php\/resultats-anterieurs\/","og_locale":"fr_FR","og_type":"article","og_title":"R\u00e9sultats finaux de chaque saison - Amicale des Seniors Golfeurs du Sud-Est","og_description":"R\u00e9sultats 2025 &nbsp;&nbsp;&nbsp;&nbsp;&nbsp;&nbsp;&nbsp;&nbsp;&nbsp;D\u00e9tail des r\u00e9sultats 2025 R\u00e9sultats 2024 R\u00e9sultats 2023&nbsp;&nbsp;&nbsp;&nbsp;&nbsp;&nbsp;&nbsp;&nbsp;&nbsp;&nbsp;D\u00e9tail des r\u00e9sultats 2023&nbsp;&nbsp;&nbsp;&nbsp;&nbsp;&nbsp;&nbsp;&nbsp;Equipe gagnante 2023: Saint Endr\u00e9ol R\u00e9sultats 2022 R\u00e9sultats 2021 R\u00e9sultats 2020 &#8211; ANNULE COVID R\u00e9sultats 2019 R\u00e9sultats 2018 R\u00e9sultats 2017 R\u00e9sultats 2016","og_url":"https:\/\/asgolfse.fr\/index.php\/resultats-anterieurs\/","og_site_name":"Amicale des Seniors Golfeurs du Sud-Est","article_modified_time":"2025-11-16T13:06:48+00:00","twitter_card":"summary_large_image","twitter_misc":{"Dur\u00e9e de lecture estim\u00e9e":"1 minute"},"schema":{"@context":"https:\/\/schema.org","@graph":[{"@type":"WebPage","@id":"https:\/\/asgolfse.fr\/index.php\/resultats-anterieurs\/","url":"https:\/\/asgolfse.fr\/index.php\/resultats-anterieurs\/","name":"R\u00e9sultats finaux de chaque saison - Amicale des Seniors Golfeurs du Sud-Est","isPartOf":{"@id":"https:\/\/asgolfse.fr\/#website"},"datePublished":"2023-02-20T14:54:25+00:00","dateModified":"2025-11-16T13:06:48+00:00","breadcrumb":{"@id":"https:\/\/asgolfse.fr\/index.php\/resultats-anterieurs\/#breadcrumb"},"inLanguage":"fr-FR","potentialAction":[{"@type":"ReadAction","target":["https:\/\/asgolfse.fr\/index.php\/resultats-anterieurs\/"]}]},{"@type":"BreadcrumbList","@id":"https:\/\/asgolfse.fr\/index.php\/resultats-anterieurs\/#breadcrumb","itemListElement":[{"@type":"ListItem","position":1,"name":"Accueil","item":"https:\/\/asgolfse.fr\/"},{"@type":"ListItem","position":2,"name":"R\u00e9sultats finaux de chaque saison"}]},{"@type":"WebSite","@id":"https:\/\/asgolfse.fr\/#website","url":"https:\/\/asgolfse.fr\/","name":"Amicale des Seniors Golfeurs du Sud-Est","description":"Site d&#039;information et \u00e9changes de l&#039;ASGSE","publisher":{"@id":"https:\/\/asgolfse.fr\/#organization"},"potentialAction":[{"@type":"SearchAction","target":{"@type":"EntryPoint","urlTemplate":"https:\/\/asgolfse.fr\/?s={search_term_string}"},"query-input":{"@type":"PropertyValueSpecification","valueRequired":true,"valueName":"search_term_string"}}],"inLanguage":"fr-FR"},{"@type":"Organization","@id":"https:\/\/asgolfse.fr\/#organization","name":"Amicale des Seniors Golfeurs du Sud-Est","url":"https:\/\/asgolfse.fr\/","logo":{"@type":"ImageObject","inLanguage":"fr-FR","@id":"https:\/\/asgolfse.fr\/#\/schema\/logo\/image\/","url":"https:\/\/asgolfse.fr\/wp-content\/uploads\/2026\/04\/cropped-trophee-barneau-pins-bleu-2-alpha.png","contentUrl":"https:\/\/asgolfse.fr\/wp-content\/uploads\/2026\/04\/cropped-trophee-barneau-pins-bleu-2-alpha.png","width":926,"height":918,"caption":"Amicale des Seniors Golfeurs du Sud-Est"},"image":{"@id":"https:\/\/asgolfse.fr\/#\/schema\/logo\/image\/"}}]}},"_links":{"self":[{"href":"https:\/\/asgolfse.fr\/index.php\/wp-json\/wp\/v2\/pages\/269","targetHints":{"allow":["GET"]}}],"collection":[{"href":"https:\/\/asgolfse.fr\/index.php\/wp-json\/wp\/v2\/pages"}],"about":[{"href":"https:\/\/asgolfse.fr\/index.php\/wp-json\/wp\/v2\/types\/page"}],"author":[{"embeddable":true,"href":"https:\/\/asgolfse.fr\/index.php\/wp-json\/wp\/v2\/users\/2"}],"replies":[{"embeddable":true,"href":"https:\/\/asgolfse.fr\/index.php\/wp-json\/wp\/v2\/comments?post=269"}],"version-history":[{"count":19,"href":"https:\/\/asgolfse.fr\/index.php\/wp-json\/wp\/v2\/pages\/269\/revisions"}],"predecessor-version":[{"id":2986,"href":"https:\/\/asgolfse.fr\/index.php\/wp-json\/wp\/v2\/pages\/269\/revisions\/2986"}],"wp:attachment":[{"href":"https:\/\/asgolfse.fr\/index.php\/wp-json\/wp\/v2\/media?parent=269"}],"curies":[{"name":"wp","href":"https:\/\/api.w.org\/{rel}","templated":true}]}}